{"id":136,"date":"2023-05-15T01:04:18","date_gmt":"2023-05-15T01:04:18","guid":{"rendered":"http:\/\/alsiinversiones.com\/?page_id=136"},"modified":"2023-05-15T02:29:34","modified_gmt":"2023-05-15T02:29:34","slug":"solicitudes-de-prestamos","status":"publish","type":"page","link":"https:\/\/alsiinversiones.com\/index.php\/solicitudes-de-prestamos\/","title":{"rendered":"Solicitudes de Pr\u00e9stamos"},"content":{"rendered":"<h2 class=\"wp-block-heading\">Formularios de solicitudes de pr\u00e9stamos:<\/h2><p>Para iniciar el proceso de evaluaci\u00f3n debe completar el formulario que corresponda al tipo de pr\u00e9stamo que se est\u00e1 solicitando y ser\u00e1 contactado por unos de nuestros representantes en la mayor brevedad.<\/p><div class=\"wp-block-columns is-layout-flex wp-container-core-columns-is-layout-1 wp-block-columns-is-layout-flex\"><div class=\"wp-block-column is-layout-flow wp-block-column-is-layout-flow\"><\/div><\/div><div class=\"wp-block-columns alignwide is-layout-flex wp-container-core-columns-is-layout-2 wp-block-columns-is-layout-flex\" style=\"margin-bottom:0\"><div class=\"wp-block-column has-pale-ocean-gradient-background has-text-color has-background has-link-color wp-elements-75bcf31138be8c531f3ae5b5b18a73c2 is-layout-flow wp-block-column-is-layout-flow\" style=\"color:#000000;padding-top:2em;padding-right:2em;padding-bottom:2em;padding-left:2em\"><h2 class=\"wp-block-heading has-text-align-center\" id=\"single\" style=\"font-size:40px\"><strong>Personales<\/strong><\/h2>\n\n<hr class=\"wp-block-separator has-text-color has-css-opacity has-background is-style-wide\" style=\"background-color:#000000;color:#000000\"\/>\n\n<p>Pr\u00e9stamos con fines de apoyo para solucionar temas financieros personales.<\/p>\n\n<p><\/p>\n\n<div class=\"wp-block-buttons alignfull is-horizontal is-content-justification-right is-layout-flex wp-container-core-buttons-is-layout-1 wp-block-buttons-is-layout-flex\"><div class=\"wp-block-button is-style-outline is-style-outline--1\"><a class=\"wp-block-button__link has-text-align-center wp-element-button\" href=\"http:\/\/alsiinversiones.com\/index.php\/prestamo-personal\/\"><strong>Solicitar<\/strong><\/a><\/div><\/div><\/div>\n\n<div class=\"wp-block-column has-vivid-cyan-blue-to-vivid-purple-gradient-background has-text-color has-background has-link-color wp-elements-be8255c8b24456c75d20da1d1a32c384 is-layout-flow wp-block-column-is-layout-flow\" style=\"color:#000000;padding-top:2em;padding-right:2em;padding-bottom:2em;padding-left:2em\"><h2 class=\"wp-block-heading has-text-align-center\" id=\"family\" style=\"font-size:40px\"><strong>Hipotecarios<\/strong><\/h2>\n\n<hr class=\"wp-block-separator has-css-opacity is-style-wide\"\/>\n\n<p>Facilidades de pr\u00e9stamos con fines hipotecarios para apoyar a lograr conseguir su vivienda.<\/p>\n\n<p><\/p>\n\n<div class=\"wp-block-buttons alignfull is-horizontal is-content-justification-right is-layout-flex wp-container-core-buttons-is-layout-2 wp-block-buttons-is-layout-flex\"><div class=\"wp-block-button is-style-outline is-style-outline--2\"><a class=\"wp-block-button__link has-text-align-center wp-element-button\" href=\"http:\/\/alsiinversiones.com\/index.php\/prestamo-hipotecario\/\"><strong>Solicitar<\/strong><\/a><\/div><\/div><\/div>\n\n<div class=\"wp-block-column has-luminous-dusk-gradient-background has-text-color has-background has-link-color wp-elements-17386a4a7f832b817e7d6150c6432169 is-layout-flow wp-block-column-is-layout-flow\" style=\"color:#000000;padding-top:2em;padding-right:2em;padding-bottom:2em;padding-left:2em\"><h2 class=\"wp-block-heading has-text-align-center\" id=\"patron\" style=\"font-size:40px\"><strong>Veh\u00edculos<\/strong><\/h2>\n\n<hr class=\"wp-block-separator has-css-opacity is-style-wide\"\/>\n\n<p>Facilidades de pr\u00e9stamos con fines de apoyo para gestionar la adquisici\u00f3n de veh\u00edculos.<\/p>\n\n<p><\/p>\n\n<div class=\"wp-block-buttons alignfull is-horizontal is-content-justification-right is-layout-flex wp-container-core-buttons-is-layout-3 wp-block-buttons-is-layout-flex\"><div class=\"wp-block-button is-style-outline is-style-outline--3\"><a class=\"wp-block-button__link wp-element-button\" href=\"http:\/\/alsiinversiones.com\/index.php\/prestamo-para-vehiculo\/\"><strong>Solicitar<\/strong><\/a><\/div><\/div><\/div><\/div><p><\/p>","protected":false},"excerpt":{"rendered":"<p>Formularios de solicitudes de pr\u00e9stamos: Para iniciar el proceso de evaluaci\u00f3n debe completar el formulario que corresponda al tipo de pr\u00e9stamo que se [&hellip;]<\/p>\n","protected":false},"author":1,"featured_media":0,"parent":0,"menu_order":0,"comment_status":"closed","ping_status":"closed","template":"","meta":{"footnotes":""},"class_list":["post-136","page","type-page","status-publish","hentry"],"_links":{"self":[{"href":"https:\/\/alsiinversiones.com\/index.php\/wp-json\/wp\/v2\/pages\/136","targetHints":{"allow":["GET"]}}],"collection":[{"href":"https:\/\/alsiinversiones.com\/index.php\/wp-json\/wp\/v2\/pages"}],"about":[{"href":"https:\/\/alsiinversiones.com\/index.php\/wp-json\/wp\/v2\/types\/page"}],"author":[{"embeddable":true,"href":"https:\/\/alsiinversiones.com\/index.php\/wp-json\/wp\/v2\/users\/1"}],"replies":[{"embeddable":true,"href":"https:\/\/alsiinversiones.com\/index.php\/wp-json\/wp\/v2\/comments?post=136"}],"version-history":[{"count":27,"href":"https:\/\/alsiinversiones.com\/index.php\/wp-json\/wp\/v2\/pages\/136\/revisions"}],"predecessor-version":[{"id":215,"href":"https:\/\/alsiinversiones.com\/index.php\/wp-json\/wp\/v2\/pages\/136\/revisions\/215"}],"wp:attachment":[{"href":"https:\/\/alsiinversiones.com\/index.php\/wp-json\/wp\/v2\/media?parent=136"}],"curies":[{"name":"wp","href":"https:\/\/api.w.org\/{rel}","templated":true}]}}