{"id":460,"date":"2021-01-01T05:56:05","date_gmt":"2021-01-01T05:56:05","guid":{"rendered":"https:\/\/webdevcode.com\/wp\/pylon\/live\/?page_id=460"},"modified":"2025-01-03T19:34:47","modified_gmt":"2025-01-03T19:34:47","slug":"about-us","status":"publish","type":"page","link":"https:\/\/alsiinversiones.com\/index.php\/about-us\/","title":{"rendered":"Sobre Nosotros"},"content":{"rendered":"\t\t<div data-elementor-type=\"wp-page\" data-elementor-id=\"460\" class=\"elementor elementor-460\">\n\t\t\t\t\t\t<section class=\"elementor-section elementor-top-section elementor-element elementor-element-ab5bfc8 elementor-section-stretched pylon-column-stretched-none elementor-section-boxed elementor-section-height-default elementor-section-height-default\" data-id=\"ab5bfc8\" data-element_type=\"section\" data-settings=\"{&quot;stretch_section&quot;:&quot;section-stretched&quot;,&quot;background_background&quot;:&quot;classic&quot;}\">\n\t\t\t\t\t\t<div class=\"elementor-container elementor-column-gap-default\">\n\t\t\t\t\t<div class=\"elementor-column elementor-col-100 elementor-top-column elementor-element elementor-element-6491731\" data-id=\"6491731\" data-element_type=\"column\">\n\t\t\t<div class=\"elementor-widget-wrap elementor-element-populated\">\n\t\t\t\t\t\t<section class=\"elementor-section elementor-inner-section elementor-element elementor-element-0b54d97 pylon-column-stretched-none elementor-section-boxed elementor-section-height-default elementor-section-height-default\" data-id=\"0b54d97\" data-element_type=\"section\">\n\t\t\t\t\t\t<div class=\"elementor-container elementor-column-gap-default\">\n\t\t\t\t\t<div class=\"elementor-column elementor-col-50 elementor-inner-column elementor-element elementor-element-4207e53\" data-id=\"4207e53\" data-element_type=\"column\">\n\t\t\t<div class=\"elementor-widget-wrap elementor-element-populated\">\n\t\t\t\t\t\t<div class=\"elementor-element elementor-element-85e6ff2 elementor-widget elementor-widget-pylon_img_with_title\" data-id=\"85e6ff2\" data-element_type=\"widget\" data-widget_type=\"pylon_img_with_title.default\">\n\t\t\t\t<div class=\"elementor-widget-container\">\n\t\t\t\t\t        <div class=\"about-three__image\">\r\n            <img fetchpriority=\"high\" decoding=\"async\" width=\"370\" height=\"333\" src=\"https:\/\/alsiinversiones.com\/wp-content\/uploads\/2021\/01\/about-3-1.png\" class=\"attachment-full size-full wp-image-463\" alt=\"\" srcset=\"https:\/\/alsiinversiones.com\/wp-content\/uploads\/2021\/01\/about-3-1.png 370w, https:\/\/alsiinversiones.com\/wp-content\/uploads\/2021\/01\/about-3-1-300x270.png 300w\" sizes=\"(max-width: 370px) 100vw, 370px\" \/>        <\/div>\r\n        \t\t\t\t<\/div>\n\t\t\t\t<\/div>\n\t\t\t\t\t<\/div>\n\t\t<\/div>\n\t\t\t\t<div class=\"elementor-column elementor-col-50 elementor-inner-column elementor-element elementor-element-1b85b8a\" data-id=\"1b85b8a\" data-element_type=\"column\">\n\t\t\t<div class=\"elementor-widget-wrap elementor-element-populated\">\n\t\t\t\t\t\t<div class=\"elementor-element elementor-element-c7c8a27 elementor-widget elementor-widget-pylon_img_with_title\" data-id=\"c7c8a27\" data-element_type=\"widget\" data-widget_type=\"pylon_img_with_title.default\">\n\t\t\t\t<div class=\"elementor-widget-container\">\n\t\t\t\t\t        <div class=\"about-three__image\">\r\n            <img decoding=\"async\" width=\"770\" height=\"333\" src=\"https:\/\/alsiinversiones.com\/wp-content\/uploads\/2021\/01\/about-3-2.png\" class=\"attachment-full size-full wp-image-464\" alt=\"\" srcset=\"https:\/\/alsiinversiones.com\/wp-content\/uploads\/2021\/01\/about-3-2.png 770w, https:\/\/alsiinversiones.com\/wp-content\/uploads\/2021\/01\/about-3-2-600x259.png 600w, https:\/\/alsiinversiones.com\/wp-content\/uploads\/2021\/01\/about-3-2-300x130.png 300w, https:\/\/alsiinversiones.com\/wp-content\/uploads\/2021\/01\/about-3-2-768x332.png 768w\" sizes=\"(max-width: 770px) 100vw, 770px\" \/><div class=\"about-three__image-text\">Trusted Company<\/div>        <\/div>\r\n        \t\t\t\t<\/div>\n\t\t\t\t<\/div>\n\t\t\t\t\t<\/div>\n\t\t<\/div>\n\t\t\t\t\t<\/div>\n\t\t<\/section>\n\t\t\t\t<section class=\"elementor-section elementor-inner-section elementor-element elementor-element-eba9b2b pylon-column-stretched-none elementor-section-boxed elementor-section-height-default elementor-section-height-default\" data-id=\"eba9b2b\" data-element_type=\"section\">\n\t\t\t\t\t\t<div class=\"elementor-container elementor-column-gap-default\">\n\t\t\t\t\t<div class=\"elementor-column elementor-col-50 elementor-inner-column elementor-element elementor-element-6e54c68\" data-id=\"6e54c68\" data-element_type=\"column\">\n\t\t\t<div class=\"elementor-widget-wrap elementor-element-populated\">\n\t\t\t\t\t\t<div class=\"elementor-element elementor-element-40a0f1b elementor-widget elementor-widget-pylon_title\" data-id=\"40a0f1b\" data-element_type=\"widget\" data-widget_type=\"pylon_title.default\">\n\t\t\t\t<div class=\"elementor-widget-container\">\n\t\t\t\t\t \r\n        <div class=\"pylon-title\">\r\n            <div class=\"block-title\">\r\n                <p class=\"small-title\">Sobre Nosotros<\/p>\r\n                    <h2 class=\"title-block\">ALSI Inversiones<\/h2>\r\n                                <\/div>\r\n                                <\/div>\r\n              \t\t\t\t<\/div>\n\t\t\t\t<\/div>\n\t\t\t\t\t<\/div>\n\t\t<\/div>\n\t\t\t\t<div class=\"elementor-column elementor-col-50 elementor-inner-column elementor-element elementor-element-6d6d754\" data-id=\"6d6d754\" data-element_type=\"column\">\n\t\t\t<div class=\"elementor-widget-wrap elementor-element-populated\">\n\t\t\t\t\t\t<div class=\"elementor-element elementor-element-bae1190 elementor-widget elementor-widget-text-editor\" data-id=\"bae1190\" data-element_type=\"widget\" data-widget_type=\"text-editor.default\">\n\t\t\t\t<div class=\"elementor-widget-container\">\n\t\t\t\t\t\t\t\t\t<p data-pm-slice=\"1 1 []\">ALSI Inversiones es una empresa l\u00edder en el \u00e1mbito de inversiones, especializada en combinar los sectores de pr\u00e9stamos y bienes ra\u00edces para ofrecer soluciones financieras que impulsen el crecimiento de nuestros clientes. Nuestro compromiso es brindar servicios y productos de alta calidad que superen tus expectativas.<\/p>\t\t\t\t\t\t\t\t<\/div>\n\t\t\t\t<\/div>\n\t\t\t\t\t<\/div>\n\t\t<\/div>\n\t\t\t\t\t<\/div>\n\t\t<\/section>\n\t\t\t\t\t<\/div>\n\t\t<\/div>\n\t\t\t\t\t<\/div>\n\t\t<\/section>\n\t\t\t\t<section class=\"elementor-section elementor-top-section elementor-element elementor-element-289bd21 elementor-section-stretched pylon-column-stretched-none elementor-section-boxed elementor-section-height-default elementor-section-height-default\" data-id=\"289bd21\" data-element_type=\"section\" data-settings=\"{&quot;stretch_section&quot;:&quot;section-stretched&quot;,&quot;background_background&quot;:&quot;classic&quot;}\">\n\t\t\t\t\t\t\t<div class=\"elementor-background-overlay\"><\/div>\n\t\t\t\t\t\t\t<div class=\"elementor-container elementor-column-gap-default\">\n\t\t\t\t\t<div class=\"elementor-column elementor-col-100 elementor-top-column elementor-element elementor-element-00dfa15\" data-id=\"00dfa15\" data-element_type=\"column\">\n\t\t\t<div class=\"elementor-widget-wrap elementor-element-populated\">\n\t\t\t\t\t\t<section class=\"elementor-section elementor-inner-section elementor-element elementor-element-2656aac pylon-column-stretched-none elementor-section-boxed elementor-section-height-default elementor-section-height-default\" data-id=\"2656aac\" data-element_type=\"section\">\n\t\t\t\t\t\t<div class=\"elementor-container elementor-column-gap-default\">\n\t\t\t\t\t<div class=\"elementor-column elementor-col-100 elementor-inner-column elementor-element elementor-element-a247c4d\" data-id=\"a247c4d\" data-element_type=\"column\">\n\t\t\t<div class=\"elementor-widget-wrap elementor-element-populated\">\n\t\t\t\t\t\t<div class=\"elementor-element elementor-element-7eafbdd elementor-widget elementor-widget-pylon_title\" data-id=\"7eafbdd\" data-element_type=\"widget\" data-widget_type=\"pylon_title.default\">\n\t\t\t\t<div class=\"elementor-widget-container\">\n\t\t\t\t\t \r\n        <div class=\"pylon-title\">\r\n            <div class=\"block-title\">\r\n                <p class=\"small-title\">Misi\u00f3n &amp; Visi\u00f3n<\/p>\r\n                    <h2 class=\"title-block\">\u00bfQu\u00e9 Queremos Lograr?<\/h2>\r\n                                <\/div>\r\n                                <\/div>\r\n              \t\t\t\t<\/div>\n\t\t\t\t<\/div>\n\t\t\t\t\t<\/div>\n\t\t<\/div>\n\t\t\t\t\t<\/div>\n\t\t<\/section>\n\t\t\t\t<section class=\"elementor-section elementor-inner-section elementor-element elementor-element-e45bd67 pylon-column-stretched-none elementor-section-boxed elementor-section-height-default elementor-section-height-default\" data-id=\"e45bd67\" data-element_type=\"section\">\n\t\t\t\t\t\t<div class=\"elementor-container elementor-column-gap-no\">\n\t\t\t\t\t<div class=\"elementor-column elementor-col-100 elementor-inner-column elementor-element elementor-element-25ca597\" data-id=\"25ca597\" data-element_type=\"column\">\n\t\t\t<div class=\"elementor-widget-wrap elementor-element-populated\">\n\t\t\t\t\t\t<div class=\"elementor-element elementor-element-2698a9c elementor-widget elementor-widget-pylon_testimonial\" data-id=\"2698a9c\" data-element_type=\"widget\" data-widget_type=\"pylon_testimonial.default\">\n\t\t\t\t<div class=\"elementor-widget-container\">\n\t\t\t\t\t                        <div class=\"thm-swiper__slider swiper-container testimonial-slide-352407105\">\r\n            <div class=\"swiper-wrapper\">\r\n                                                                <div class=\"swiper-slide\">\r\n                    <div class=\"testimonials-one__box text-left\">                      \r\n                        <p>Satisfacer las necesidades de nuestros clientes reales y potenciales, ofreciendo servicios, asesor\u00eda y productos de excelencia mediante un equipo capacitado. Promovemos el bienestar de nuestros colaboradores, la sociedad y el medio ambiente.<\/p>\r\n                        <h4>MISI\u00d3N<\/h4>\r\n                        <div class=\"testi_sname\"><\/div>\r\n                    <\/div>\r\n                    <div class=\"testimonials-one__box-info\">\r\n                            <img decoding=\"async\" src=\"http:\/\/staging.alsiinversiones.com\/blog\/wp-content\/uploads\/2021\/01\/favicon-32x32-1.png\" alt=\"MISI\u00d3N\">\r\n                    <\/div>\r\n                <\/div>\r\n                                                                <div class=\"swiper-slide\">\r\n                    <div class=\"testimonials-one__box text-left\">                      \r\n                        <p>Ser l\u00edderes en la provisi\u00f3n de productos financieros a nivel nacional, garantizando un servicio excepcional a trav\u00e9s de un equipo motivado, capacitado y comprometido con la mejora continua. Cultivamos relaciones comerciales s\u00f3lidas y duraderas con nuestros clientes.<\/p>\r\n                        <h4>VISI\u00d3N<\/h4>\r\n                        <div class=\"testi_sname\"><\/div>\r\n                    <\/div>\r\n                    <div class=\"testimonials-one__box-info\">\r\n                            <img decoding=\"async\" src=\"http:\/\/staging.alsiinversiones.com\/blog\/wp-content\/uploads\/2021\/01\/favicon-32x32-1.png\" alt=\"VISI\u00d3N\">\r\n                    <\/div>\r\n                <\/div>\r\n                                                                        <\/div>\r\n                                <\/div>\r\n                <!-- Style Two -->\r\n        \r\n        <script>\r\n        jQuery(document).ready(function($) {\r\n            \"use strict\";\r\n            var swiper = new Swiper(\".testimonial-slide-352407105\", {\r\n            \"spaceBetween\": 0,\r\n            \"slidesPerView\": 1,\r\n            \"loop\":true,\r\n            \"centerMode\": true,\r\n            \"slidesPerGroup\": 1,\r\n            \r\n            \"pagination\": {\r\n                \"el\": \".testimonials-one__swiper-pagination\",\r\n                \"type\": \"bullets\",\r\n                \"clickable\": true\r\n            },\r\n            \"navigation\": {\r\n                \"nextEl\": \"#testi__swiper-button-next-352407105\",\r\n                \"prevEl\": \"#testi__swiper-button-prev-352407105\"\r\n            },\r\n            \"breakpoints\": {\r\n                \"0\": {\r\n                    \"spaceBetween\": 0,\r\n                    \"slidesPerView\": 1,\r\n                    \"slidesPerGroup\": 1\r\n                },\r\n                \"375\": {\r\n                    \"spaceBetween\": 0,\r\n                    \"slidesPerView\": 1,\r\n                    \"slidesPerGroup\": 1\r\n                },\r\n                \"667\": {\r\n                    \"spaceBetween\": 30,\r\n                    \"slidesPerView\": 2,\r\n                    \"slidesPerGroup\": 1\r\n                },\r\n                \"767\": {\r\n                    \"spaceBetween\": 30,\r\n                    \"slidesPerView\": 2,\r\n                    \"slidesPerGroup\": 1\r\n                },\r\n                \"991\": {\r\n                    \"spaceBetween\": 30,\r\n                    \"slidesPerView\": 2,\r\n                    \"slidesPerGroup\": 1\r\n                },\r\n                \"1199\": {\r\n                    \"spaceBetween\": 30,\r\n                    \"slidesPerView\": 2,\r\n                    \"slidesPerGroup\": 1\r\n                }\r\n            }\r\n            });\r\n        });\r\n        <\/script>        \t\t\t\t<\/div>\n\t\t\t\t<\/div>\n\t\t\t\t\t<\/div>\n\t\t<\/div>\n\t\t\t\t\t<\/div>\n\t\t<\/section>\n\t\t\t\t\t<\/div>\n\t\t<\/div>\n\t\t\t\t\t<\/div>\n\t\t<\/section>\n\t\t\t\t<section class=\"elementor-section elementor-top-section elementor-element elementor-element-355b0d4 elementor-section-full_width elementor-section-stretched pylon-column-stretched-none elementor-section-height-default elementor-section-height-default\" data-id=\"355b0d4\" data-element_type=\"section\" data-settings=\"{&quot;stretch_section&quot;:&quot;section-stretched&quot;}\">\n\t\t\t\t\t\t<div class=\"elementor-container elementor-column-gap-no\">\n\t\t\t\t\t<div class=\"elementor-column elementor-col-100 elementor-top-column elementor-element elementor-element-313362f\" data-id=\"313362f\" data-element_type=\"column\">\n\t\t\t<div class=\"elementor-widget-wrap elementor-element-populated\">\n\t\t\t\t\t\t<div class=\"elementor-element elementor-element-3aba4e7 elementor-hidden-desktop elementor-hidden-tablet elementor-hidden-mobile elementor-widget elementor-widget-pylon_popup_video\" data-id=\"3aba4e7\" data-element_type=\"widget\" data-widget_type=\"pylon_popup_video.default\">\n\t\t\t\t<div class=\"elementor-widget-container\">\n\t\t\t\t\t\r\n        <script>\r\n        jQuery(document).ready(function($) {\r\n            if ($(\".video-popup-449093360\").length) {\r\n                $(\".video-popup-449093360\").magnificPopup({\r\n                    disableOn: 700,\r\n                    type: \"iframe\",\r\n                    mainClass: \"mfp-fade\",\r\n                    removalDelay: 160,\r\n                    preloader: true,\r\n        \r\n                    fixedContentPos: false\r\n                });\r\n            }\r\n        });\r\n        <\/script>        <div class=\"video-one\">\r\n            <div class=\"video-one__box\">\r\n                <div class=\"video-one__box-bg\"><\/div>\r\n                <a href=\"https:\/\/www.youtube.com\/watch?v=H2nCMgZsGdw\" class=\"video-one__btn video-popup video-popup-449093360\"><i class=\"fa fa-play\"><\/i><\/a>\r\n                 <h3>We Can Give Best Facilities For Business<\/h3>            <\/div>\r\n        <\/div>\r\n        \t\t\t\t<\/div>\n\t\t\t\t<\/div>\n\t\t\t\t\t<\/div>\n\t\t<\/div>\n\t\t\t\t\t<\/div>\n\t\t<\/section>\n\t\t\t\t<section class=\"elementor-section elementor-top-section elementor-element elementor-element-8e77a40 elementor-section-stretched pylon-column-stretched-none elementor-section-boxed elementor-section-height-default elementor-section-height-default\" data-id=\"8e77a40\" data-element_type=\"section\" data-settings=\"{&quot;background_background&quot;:&quot;classic&quot;,&quot;stretch_section&quot;:&quot;section-stretched&quot;}\">\n\t\t\t\t\t\t\t<div class=\"elementor-background-overlay\"><\/div>\n\t\t\t\t\t\t\t<div class=\"elementor-container elementor-column-gap-default\">\n\t\t\t\t\t<div class=\"elementor-column elementor-col-25 elementor-top-column elementor-element elementor-element-f542232\" data-id=\"f542232\" data-element_type=\"column\">\n\t\t\t<div class=\"elementor-widget-wrap elementor-element-populated\">\n\t\t\t\t\t\t<div class=\"elementor-element elementor-element-b738a79 elementor-widget elementor-widget-pylon_funfact\" data-id=\"b738a79\" data-element_type=\"widget\" data-widget_type=\"pylon_funfact.default\">\n\t\t\t\t<div class=\"elementor-widget-container\">\n\t\t\t\t\t    <div class=\"funfact-one__box\">\r\n        <h3>\r\n            <span class=\"odometer\" data-count=\"99\"><\/span><span class=\"funfact-symbol\">%<\/span>        <\/h3>\r\n        <p>Aprobaci\u00f3n Segura<\/p>    <\/div><!-- \/.funfact-one__box -->\r\n        \r\n        <script>\r\n            jQuery(document).ready(function($) {\r\n                \"use strict\";\r\n                if (jQuery(\".odometer\").length) {\r\n                    jQuery(\".odometer\").appear(function(e) {\r\n                        var odo = jQuery(\".odometer\");\r\n                        odo.each(function() {\r\n                            var countNumber = jQuery(this).attr(\"data-count\");\r\n                            jQuery(this).html(countNumber);\r\n                        });\r\n                    });\r\n                }\r\n            });\r\n        <\/script>\r\n        \t\t\t\t<\/div>\n\t\t\t\t<\/div>\n\t\t\t\t\t<\/div>\n\t\t<\/div>\n\t\t\t\t<div class=\"elementor-column elementor-col-25 elementor-top-column elementor-element elementor-element-0f9a4e9\" data-id=\"0f9a4e9\" data-element_type=\"column\">\n\t\t\t<div class=\"elementor-widget-wrap elementor-element-populated\">\n\t\t\t\t\t\t<div class=\"elementor-element elementor-element-c08ddef elementor-widget elementor-widget-pylon_funfact\" data-id=\"c08ddef\" data-element_type=\"widget\" data-widget_type=\"pylon_funfact.default\">\n\t\t\t\t<div class=\"elementor-widget-container\">\n\t\t\t\t\t    <div class=\"funfact-one__box\">\r\n        <h3>\r\n            <span class=\"funfact-amount\">#<\/span><span class=\"odometer\" data-count=\"1\"><\/span>        <\/h3>\r\n        <p>En Pr\u00e9stamos<\/p>    <\/div><!-- \/.funfact-one__box -->\r\n        \r\n        <script>\r\n            jQuery(document).ready(function($) {\r\n                \"use strict\";\r\n                if (jQuery(\".odometer\").length) {\r\n                    jQuery(\".odometer\").appear(function(e) {\r\n                        var odo = jQuery(\".odometer\");\r\n                        odo.each(function() {\r\n                            var countNumber = jQuery(this).attr(\"data-count\");\r\n                            jQuery(this).html(countNumber);\r\n                        });\r\n                    });\r\n                }\r\n            });\r\n        <\/script>\r\n        \t\t\t\t<\/div>\n\t\t\t\t<\/div>\n\t\t\t\t\t<\/div>\n\t\t<\/div>\n\t\t\t\t<div class=\"elementor-column elementor-col-25 elementor-top-column elementor-element elementor-element-887b388\" data-id=\"887b388\" data-element_type=\"column\">\n\t\t\t<div class=\"elementor-widget-wrap elementor-element-populated\">\n\t\t\t\t\t\t<div class=\"elementor-element elementor-element-5326083 elementor-widget elementor-widget-pylon_funfact\" data-id=\"5326083\" data-element_type=\"widget\" data-widget_type=\"pylon_funfact.default\">\n\t\t\t\t<div class=\"elementor-widget-container\">\n\t\t\t\t\t    <div class=\"funfact-one__box\">\r\n        <h3>\r\n            <span class=\"funfact-amount\">+<\/span><span class=\"odometer\" data-count=\"3500\"><\/span>        <\/h3>\r\n        <p>Clientes Felices<\/p>    <\/div><!-- \/.funfact-one__box -->\r\n        \r\n        <script>\r\n            jQuery(document).ready(function($) {\r\n                \"use strict\";\r\n                if (jQuery(\".odometer\").length) {\r\n                    jQuery(\".odometer\").appear(function(e) {\r\n                        var odo = jQuery(\".odometer\");\r\n                        odo.each(function() {\r\n                            var countNumber = jQuery(this).attr(\"data-count\");\r\n                            jQuery(this).html(countNumber);\r\n                        });\r\n                    });\r\n                }\r\n            });\r\n        <\/script>\r\n        \t\t\t\t<\/div>\n\t\t\t\t<\/div>\n\t\t\t\t\t<\/div>\n\t\t<\/div>\n\t\t\t\t<div class=\"elementor-column elementor-col-25 elementor-top-column elementor-element elementor-element-1d2a598\" data-id=\"1d2a598\" data-element_type=\"column\">\n\t\t\t<div class=\"elementor-widget-wrap elementor-element-populated\">\n\t\t\t\t\t\t<div class=\"elementor-element elementor-element-83c35d9 elementor-widget elementor-widget-pylon_funfact\" data-id=\"83c35d9\" data-element_type=\"widget\" data-widget_type=\"pylon_funfact.default\">\n\t\t\t\t<div class=\"elementor-widget-container\">\n\t\t\t\t\t    <div class=\"funfact-one__box\">\r\n        <h3>\r\n            <span class=\"funfact-amount\">+<\/span><span class=\"odometer\" data-count=\"10\"><\/span>        <\/h3>\r\n        <p>A\u00f1os en el Mercado<\/p>    <\/div><!-- \/.funfact-one__box -->\r\n        \r\n        <script>\r\n            jQuery(document).ready(function($) {\r\n                \"use strict\";\r\n                if (jQuery(\".odometer\").length) {\r\n                    jQuery(\".odometer\").appear(function(e) {\r\n                        var odo = jQuery(\".odometer\");\r\n                        odo.each(function() {\r\n                            var countNumber = jQuery(this).attr(\"data-count\");\r\n                            jQuery(this).html(countNumber);\r\n                        });\r\n                    });\r\n                }\r\n            });\r\n        <\/script>\r\n        \t\t\t\t<\/div>\n\t\t\t\t<\/div>\n\t\t\t\t\t<\/div>\n\t\t<\/div>\n\t\t\t\t\t<\/div>\n\t\t<\/section>\n\t\t\t\t<section class=\"elementor-section elementor-top-section elementor-element elementor-element-a97a2b5 elementor-hidden-desktop elementor-hidden-tablet elementor-hidden-mobile pylon-column-stretched-none elementor-section-boxed elementor-section-height-default elementor-section-height-default\" data-id=\"a97a2b5\" data-element_type=\"section\">\n\t\t\t\t\t\t<div class=\"elementor-container elementor-column-gap-default\">\n\t\t\t\t\t<div class=\"elementor-column elementor-col-100 elementor-top-column elementor-element elementor-element-286cefc\" data-id=\"286cefc\" data-element_type=\"column\">\n\t\t\t<div class=\"elementor-widget-wrap elementor-element-populated\">\n\t\t\t\t\t\t<section class=\"elementor-section elementor-inner-section elementor-element elementor-element-86ae8e0 pylon-column-stretched-none elementor-section-boxed elementor-section-height-default elementor-section-height-default\" data-id=\"86ae8e0\" data-element_type=\"section\">\n\t\t\t\t\t\t<div class=\"elementor-container elementor-column-gap-default\">\n\t\t\t\t\t<div class=\"elementor-column elementor-col-100 elementor-inner-column elementor-element elementor-element-8bfbe64\" data-id=\"8bfbe64\" data-element_type=\"column\">\n\t\t\t<div class=\"elementor-widget-wrap elementor-element-populated\">\n\t\t\t\t\t\t<div class=\"elementor-element elementor-element-d897dae elementor-widget elementor-widget-pylon_title\" data-id=\"d897dae\" data-element_type=\"widget\" data-widget_type=\"pylon_title.default\">\n\t\t\t\t<div class=\"elementor-widget-container\">\n\t\t\t\t\t \r\n        <div class=\"pylon-title\">\r\n            <div class=\"block-title\">\r\n                <p class=\"small-title\">Professional &amp; Experts<\/p>\r\n                    <h2 class=\"title-block\">Meet the Best Agents<\/h2>\r\n                                <\/div>\r\n                                <\/div>\r\n              \t\t\t\t<\/div>\n\t\t\t\t<\/div>\n\t\t\t\t\t<\/div>\n\t\t<\/div>\n\t\t\t\t\t<\/div>\n\t\t<\/section>\n\t\t\t\t<section class=\"elementor-section elementor-inner-section elementor-element elementor-element-ff78060 pylon-column-stretched-none elementor-section-boxed elementor-section-height-default elementor-section-height-default\" data-id=\"ff78060\" data-element_type=\"section\">\n\t\t\t\t\t\t<div class=\"elementor-container elementor-column-gap-default\">\n\t\t\t\t\t<div class=\"elementor-column elementor-col-100 elementor-inner-column elementor-element elementor-element-9b93008\" data-id=\"9b93008\" data-element_type=\"column\">\n\t\t\t<div class=\"elementor-widget-wrap elementor-element-populated\">\n\t\t\t\t\t\t<div class=\"elementor-element elementor-element-173027e elementor-widget elementor-widget-pylon_team2\" data-id=\"173027e\" data-element_type=\"widget\" data-widget_type=\"pylon_team2.default\">\n\t\t\t\t<div class=\"elementor-widget-container\">\n\t\t\t\t\t            <div class=\"all-team\"> \r\n            <div class=\"row\">\r\n                                    <\/div>\r\n                    <\/div>\r\n        \t\t\t\t<\/div>\n\t\t\t\t<\/div>\n\t\t\t\t\t<\/div>\n\t\t<\/div>\n\t\t\t\t\t<\/div>\n\t\t<\/section>\n\t\t\t\t\t<\/div>\n\t\t<\/div>\n\t\t\t\t\t<\/div>\n\t\t<\/section>\n\t\t\t\t<\/div>\n\t\t","protected":false},"excerpt":{"rendered":"<p>Trusted Company Sobre Nosotros ALSI Inversiones ALSI Inversiones es una empresa l\u00edder en el \u00e1mbito de inversiones, especializada en combinar los sectores de [&hellip;]<\/p>\n","protected":false},"author":1,"featured_media":0,"parent":0,"menu_order":0,"comment_status":"closed","ping_status":"closed","template":"","meta":{"footnotes":""},"class_list":["post-460","page","type-page","status-publish","hentry"],"_links":{"self":[{"href":"https:\/\/alsiinversiones.com\/index.php\/wp-json\/wp\/v2\/pages\/460","targetHints":{"allow":["GET"]}}],"collection":[{"href":"https:\/\/alsiinversiones.com\/index.php\/wp-json\/wp\/v2\/pages"}],"about":[{"href":"https:\/\/alsiinversiones.com\/index.php\/wp-json\/wp\/v2\/types\/page"}],"author":[{"embeddable":true,"href":"https:\/\/alsiinversiones.com\/index.php\/wp-json\/wp\/v2\/users\/1"}],"replies":[{"embeddable":true,"href":"https:\/\/alsiinversiones.com\/index.php\/wp-json\/wp\/v2\/comments?post=460"}],"version-history":[{"count":16,"href":"https:\/\/alsiinversiones.com\/index.php\/wp-json\/wp\/v2\/pages\/460\/revisions"}],"predecessor-version":[{"id":8087,"href":"https:\/\/alsiinversiones.com\/index.php\/wp-json\/wp\/v2\/pages\/460\/revisions\/8087"}],"wp:attachment":[{"href":"https:\/\/alsiinversiones.com\/index.php\/wp-json\/wp\/v2\/media?parent=460"}],"curies":[{"name":"wp","href":"https:\/\/api.w.org\/{rel}","templated":true}]}}