{"id":496,"date":"2021-01-01T08:54:22","date_gmt":"2021-01-01T08:54:22","guid":{"rendered":"https:\/\/webdevcode.com\/wp\/pylon\/live\/?page_id=496"},"modified":"2024-12-16T17:56:27","modified_gmt":"2024-12-16T17:56:27","slug":"blog-grid","status":"publish","type":"page","link":"https:\/\/alsiinversiones.com\/index.php\/blog-grid\/","title":{"rendered":"Blog Grid"},"content":{"rendered":"\t\t<div data-elementor-type=\"wp-page\" data-elementor-id=\"496\" class=\"elementor elementor-496\">\n\t\t\t\t\t\t<section class=\"elementor-section elementor-top-section elementor-element elementor-element-9343def pylon-column-stretched-none elementor-section-boxed elementor-section-height-default elementor-section-height-default\" data-id=\"9343def\" data-element_type=\"section\">\n\t\t\t\t\t\t<div class=\"elementor-container elementor-column-gap-default\">\n\t\t\t\t\t<div class=\"elementor-column elementor-col-100 elementor-top-column elementor-element elementor-element-6208c6f\" data-id=\"6208c6f\" data-element_type=\"column\">\n\t\t\t<div class=\"elementor-widget-wrap elementor-element-populated\">\n\t\t\t\t\t\t<div class=\"elementor-element elementor-element-a7533ca animated none elementor-widget elementor-widget-pylon_blog\" data-id=\"a7533ca\" data-element_type=\"widget\" data-widget_type=\"pylon_blog.default\">\n\t\t\t\t<div class=\"elementor-widget-container\">\n\t\t\t\t\t        <div class=\"pylon-blog-home\">\r\n            <div class=\"row\">\r\n                                 <div class=\"blog-one_single-min_box row\">\r\n                                                        <div class=\"col-lg-4 wow none\" data-wow-duration=\"1520\">\r\n                        <div class=\"blog-card\">\r\n                                                        <div class=\"blog-card__image\">\r\n                                                                 <span>2 Ene, 2025<\/span>\r\n                                                                                                <img decoding=\"async\" src=\"https:\/\/alsiinversiones.com\/wp-content\/uploads\/2020\/12\/blog5.jpg\" alt=\"\">\r\n                                                            <\/div>\r\n                                                        <div class=\"blog-card__content  top-margin\">\r\n                                <div class=\"blog-top\">\r\n                                                                <h3><a href=\"https:\/\/alsiinversiones.com\/index.php\/2025\/01\/02\/how-to-get-education-loan-for-overseas\/\" rel=\"bookmark\">Nuevas Regulaciones Buscan Mejorar Transparencia en Pr\u00e9stamos<\/a><\/h3>                                <\/div>\r\n                                <div class=\"blog-card-bottom\">                                    \r\n                                                                        <div class=\"blog-card-bottom-readmore\">\r\n                                        <a href=\"https:\/\/alsiinversiones.com\/index.php\/2025\/01\/02\/how-to-get-education-loan-for-overseas\/\" class=\"readmore-card-link\"><i class=\"pylon-icon-right-arrow\"><\/i>Read More<\/a>\r\n                                    <\/div>        \r\n                                                                        <span class=\"blog_comment\">\r\n                                        <a href=\"https:\/\/alsiinversiones.com\/index.php\/2025\/01\/02\/how-to-get-education-loan-for-overseas\/#respond\">0 Comments<\/a>                                    <\/span>\r\n                                <\/div>                                \r\n                            <\/div>\r\n                        <\/div>\r\n                    <\/div>\r\n                                                                        <div class=\"col-lg-4 wow none\" data-wow-duration=\"1520\">\r\n                        <div class=\"blog-card\">\r\n                                                        <div class=\"blog-card__image\">\r\n                                                                 <span>2 Ene, 2025<\/span>\r\n                                                                                                <img decoding=\"async\" src=\"https:\/\/alsiinversiones.com\/wp-content\/uploads\/2020\/12\/blog4.jpg\" alt=\"\">\r\n                                                            <\/div>\r\n                                                        <div class=\"blog-card__content  top-margin\">\r\n                                <div class=\"blog-top\">\r\n                                                                <h3><a href=\"https:\/\/alsiinversiones.com\/index.php\/2025\/01\/02\/easy-way-to-calculate-interest-on-a-loan\/\" rel=\"bookmark\">Micropr\u00e9stamos, una Soluci\u00f3n para Peque\u00f1os Emprendedores en Rep\u00fablica Dominicana<\/a><\/h3>                                <\/div>\r\n                                <div class=\"blog-card-bottom\">                                    \r\n                                                                        <div class=\"blog-card-bottom-readmore\">\r\n                                        <a href=\"https:\/\/alsiinversiones.com\/index.php\/2025\/01\/02\/easy-way-to-calculate-interest-on-a-loan\/\" class=\"readmore-card-link\"><i class=\"pylon-icon-right-arrow\"><\/i>Read More<\/a>\r\n                                    <\/div>        \r\n                                                                        <span class=\"blog_comment\">\r\n                                        <a href=\"https:\/\/alsiinversiones.com\/index.php\/2025\/01\/02\/easy-way-to-calculate-interest-on-a-loan\/#respond\">0 Comments<\/a>                                    <\/span>\r\n                                <\/div>                                \r\n                            <\/div>\r\n                        <\/div>\r\n                    <\/div>\r\n                                                                        <div class=\"col-lg-4 wow none\" data-wow-duration=\"1520\">\r\n                        <div class=\"blog-card\">\r\n                                                        <div class=\"blog-card__image\">\r\n                                                                 <span>31 Dic, 2024<\/span>\r\n                                                                                                <img decoding=\"async\" src=\"https:\/\/alsiinversiones.com\/wp-content\/uploads\/2020\/12\/blog6.jpg\" alt=\"\">\r\n                                                            <\/div>\r\n                                                        <div class=\"blog-card__content  top-margin\">\r\n                                <div class=\"blog-top\">\r\n                                                                <h3><a href=\"https:\/\/alsiinversiones.com\/index.php\/2024\/12\/31\/for-car-auto-you-will-get-90-loan-amount\/\" rel=\"bookmark\">Crecimiento Exponencial del Mercado de Pr\u00e9stamos en Rep\u00fablica Dominicana<\/a><\/h3>                                <\/div>\r\n                                <div class=\"blog-card-bottom\">                                    \r\n                                                                        <div class=\"blog-card-bottom-readmore\">\r\n                                        <a href=\"https:\/\/alsiinversiones.com\/index.php\/2024\/12\/31\/for-car-auto-you-will-get-90-loan-amount\/\" class=\"readmore-card-link\"><i class=\"pylon-icon-right-arrow\"><\/i>Read More<\/a>\r\n                                    <\/div>        \r\n                                                                        <span class=\"blog_comment\">\r\n                                        <a href=\"https:\/\/alsiinversiones.com\/index.php\/2024\/12\/31\/for-car-auto-you-will-get-90-loan-amount\/#respond\">0 Comments<\/a>                                    <\/span>\r\n                                <\/div>                                \r\n                            <\/div>\r\n                        <\/div>\r\n                    <\/div>\r\n                                            <\/div>\r\n                            <\/div>\r\n        <\/div>\r\n        \t\t\t\t<\/div>\n\t\t\t\t<\/div>\n\t\t\t\t\t<\/div>\n\t\t<\/div>\n\t\t\t\t\t<\/div>\n\t\t<\/section>\n\t\t\t\t<\/div>\n\t\t","protected":false},"excerpt":{"rendered":"<p>31 Dec, 2020 admin Credit Card For Car auto you will get 90% loan amount Read More 0 Comments 31 Dec, 2020 admin [&hellip;]<\/p>\n","protected":false},"author":1,"featured_media":0,"parent":0,"menu_order":0,"comment_status":"closed","ping_status":"closed","template":"","meta":{"footnotes":""},"class_list":["post-496","page","type-page","status-publish","hentry"],"_links":{"self":[{"href":"https:\/\/alsiinversiones.com\/index.php\/wp-json\/wp\/v2\/pages\/496","targetHints":{"allow":["GET"]}}],"collection":[{"href":"https:\/\/alsiinversiones.com\/index.php\/wp-json\/wp\/v2\/pages"}],"about":[{"href":"https:\/\/alsiinversiones.com\/index.php\/wp-json\/wp\/v2\/types\/page"}],"author":[{"embeddable":true,"href":"https:\/\/alsiinversiones.com\/index.php\/wp-json\/wp\/v2\/users\/1"}],"replies":[{"embeddable":true,"href":"https:\/\/alsiinversiones.com\/index.php\/wp-json\/wp\/v2\/comments?post=496"}],"version-history":[{"count":1,"href":"https:\/\/alsiinversiones.com\/index.php\/wp-json\/wp\/v2\/pages\/496\/revisions"}],"predecessor-version":[{"id":7981,"href":"https:\/\/alsiinversiones.com\/index.php\/wp-json\/wp\/v2\/pages\/496\/revisions\/7981"}],"wp:attachment":[{"href":"https:\/\/alsiinversiones.com\/index.php\/wp-json\/wp\/v2\/media?parent=496"}],"curies":[{"name":"wp","href":"https:\/\/api.w.org\/{rel}","templated":true}]}}