{"id":730,"date":"2021-01-01T18:18:32","date_gmt":"2021-01-01T18:18:32","guid":{"rendered":"https:\/\/webdevcode.com\/wp\/pylon\/live\/?page_id=730"},"modified":"2025-01-03T20:07:37","modified_gmt":"2025-01-03T20:07:37","slug":"contact-us","status":"publish","type":"page","link":"https:\/\/alsiinversiones.com\/index.php\/contact-us\/","title":{"rendered":"Contact Us"},"content":{"rendered":"\t\t<div data-elementor-type=\"wp-page\" data-elementor-id=\"730\" class=\"elementor elementor-730\">\n\t\t\t\t\t\t<section class=\"elementor-section elementor-top-section elementor-element elementor-element-277ea56 pylon-column-stretched-none elementor-section-boxed elementor-section-height-default elementor-section-height-default\" data-id=\"277ea56\" data-element_type=\"section\">\n\t\t\t\t\t\t<div class=\"elementor-container elementor-column-gap-default\">\n\t\t\t\t\t<div class=\"elementor-column elementor-col-100 elementor-top-column elementor-element elementor-element-64baa63\" data-id=\"64baa63\" data-element_type=\"column\" data-settings=\"{&quot;background_background&quot;:&quot;classic&quot;}\">\n\t\t\t<div class=\"elementor-widget-wrap elementor-element-populated\">\n\t\t\t\t\t\t<section class=\"elementor-section elementor-inner-section elementor-element elementor-element-b524c20 pylon-column-stretched-none elementor-section-boxed elementor-section-height-default elementor-section-height-default\" data-id=\"b524c20\" data-element_type=\"section\">\n\t\t\t\t\t\t<div class=\"elementor-container elementor-column-gap-default\">\n\t\t\t\t\t<div class=\"elementor-column elementor-col-50 elementor-inner-column elementor-element elementor-element-df0cd82\" data-id=\"df0cd82\" data-element_type=\"column\">\n\t\t\t<div class=\"elementor-widget-wrap elementor-element-populated\">\n\t\t\t\t\t\t<div class=\"elementor-element elementor-element-ec16710 elementor-widget elementor-widget-pylon_title\" data-id=\"ec16710\" data-element_type=\"widget\" data-widget_type=\"pylon_title.default\">\n\t\t\t\t<div class=\"elementor-widget-container\">\n\t\t\t\t\t \r\n        <div class=\"pylon-title\">\r\n            <div class=\"block-title\">\r\n                <p class=\"small-title\">\u00bfPr\u00e9guntas?<\/p>\r\n                    <h2 class=\"title-block\">Cont\u00e1ctanos<\/h2>\r\n                                <\/div>\r\n                                <\/div>\r\n              \t\t\t\t<\/div>\n\t\t\t\t<\/div>\n\t\t\t\t<div class=\"elementor-element elementor-element-7433bfe elementor-widget elementor-widget-pylon_static_contact_info\" data-id=\"7433bfe\" data-element_type=\"widget\" data-widget_type=\"pylon_static_contact_info.default\">\n\t\t\t\t<div class=\"elementor-widget-container\">\n\t\t\t\t\t\r\n                <div class=\"contact-one__box\">\r\n                    <i class=\"pylon-icon-telephone\"><\/i>\r\n                    <div class=\"contact-one__box-content\">\r\n                        <h4>Tel\u00e9fono:<\/h4>\r\n                        <span><p>+1 (809) 399-1332<\/p><\/span> \r\n                    <\/div>\r\n                <\/div>\t\t\t\t<\/div>\n\t\t\t\t<\/div>\n\t\t\t\t<div class=\"elementor-element elementor-element-b443c5f elementor-widget elementor-widget-pylon_static_contact_info\" data-id=\"b443c5f\" data-element_type=\"widget\" data-widget_type=\"pylon_static_contact_info.default\">\n\t\t\t\t<div class=\"elementor-widget-container\">\n\t\t\t\t\t\r\n                <div class=\"contact-one__box\">\r\n                    <i class=\"pylon-icon pylon-icon-email1\"><\/i>\r\n                    <div class=\"contact-one__box-content\">\r\n                        <h4>Correo Electr\u00f3nico:<\/h4>\r\n                        <span><p><a href=\"mailto:info@alsiinversiones.com\">info@alsiinversiones.com<\/a><\/p><p>\u00a0<\/p><\/span> \r\n                    <\/div>\r\n                <\/div>\t\t\t\t<\/div>\n\t\t\t\t<\/div>\n\t\t\t\t<div class=\"elementor-element elementor-element-7427dac elementor-widget elementor-widget-pylon_static_contact_info\" data-id=\"7427dac\" data-element_type=\"widget\" data-widget_type=\"pylon_static_contact_info.default\">\n\t\t\t\t<div class=\"elementor-widget-container\">\n\t\t\t\t\t\r\n                <div class=\"contact-one__box\">\r\n                    <i class=\"fas fa-map-marker-alt\"><\/i>\r\n                    <div class=\"contact-one__box-content\">\r\n                        <h4>Direcci\u00f3n:<\/h4>\r\n                        <span><p>Plaza Bella Terra, 1er Nivel M\u00f3dulo 117, Santiago, Rep. Dom.<\/p><\/span> \r\n                    <\/div>\r\n                <\/div>\t\t\t\t<\/div>\n\t\t\t\t<\/div>\n\t\t\t\t\t<\/div>\n\t\t<\/div>\n\t\t\t\t<div class=\"elementor-column elementor-col-50 elementor-inner-column elementor-element elementor-element-21df53d\" data-id=\"21df53d\" data-element_type=\"column\">\n\t\t\t<div class=\"elementor-widget-wrap elementor-element-populated\">\n\t\t\t\t\t\t<div class=\"elementor-element elementor-element-8582e12 elementor-widget elementor-widget-shortcode\" data-id=\"8582e12\" data-element_type=\"widget\" data-widget_type=\"shortcode.default\">\n\t\t\t\t<div class=\"elementor-widget-container\">\n\t\t\t\t\t\t\t<div class=\"elementor-shortcode\"><div class=\"wpforms-container wpforms-container-full\" id=\"wpforms-92\"><form id=\"wpforms-form-92\" class=\"wpforms-validate wpforms-form\" data-formid=\"92\" method=\"post\" enctype=\"multipart\/form-data\" action=\"\/index.php\/wp-json\/wp\/v2\/pages\/730\" data-token=\"fd8038d3ed3d82967f34c43588ae55cb\" data-token-time=\"1778417780\"><noscript class=\"wpforms-error-noscript\">Por favor, activa JavaScript en tu navegador para completar este formulario.<\/noscript><div class=\"wpforms-field-container\"><div id=\"wpforms-92-field_0-container\" class=\"wpforms-field wpforms-field-name\" data-field-id=\"0\"><label class=\"wpforms-field-label\">Nombre <span class=\"wpforms-required-label\">*<\/span><\/label><div class=\"wpforms-field-row wpforms-field-large\"><div class=\"wpforms-field-row-block wpforms-first wpforms-one-half\"><input type=\"text\" id=\"wpforms-92-field_0\" class=\"wpforms-field-name-first wpforms-field-required\" name=\"wpforms[fields][0][first]\" required><label for=\"wpforms-92-field_0\" class=\"wpforms-field-sublabel after\">Nombre<\/label><\/div><div class=\"wpforms-field-row-block wpforms-one-half\"><input type=\"text\" id=\"wpforms-92-field_0-last\" class=\"wpforms-field-name-last wpforms-field-required\" name=\"wpforms[fields][0][last]\" required><label for=\"wpforms-92-field_0-last\" class=\"wpforms-field-sublabel after\">Apellidos<\/label><\/div><\/div><\/div><div id=\"wpforms-92-field_1-container\" class=\"wpforms-field wpforms-field-email\" data-field-id=\"1\"><label class=\"wpforms-field-label\" for=\"wpforms-92-field_1\">Correo electr\u00f3nico <span class=\"wpforms-required-label\">*<\/span><\/label><input type=\"email\" id=\"wpforms-92-field_1\" class=\"wpforms-field-large wpforms-field-required\" name=\"wpforms[fields][1]\" spellcheck=\"false\" required><\/div><div id=\"wpforms-92-field_2-container\" class=\"wpforms-field wpforms-field-textarea\" data-field-id=\"2\"><label class=\"wpforms-field-label\" for=\"wpforms-92-field_2\">Comentario o mensaje <span class=\"wpforms-required-label\">*<\/span><\/label><textarea id=\"wpforms-92-field_2\" class=\"wpforms-field-medium wpforms-field-required\" name=\"wpforms[fields][2]\" required><\/textarea><\/div><\/div><!-- .wpforms-field-container --><div class=\"wpforms-field wpforms-field-hp\"><label for=\"wpforms-92-field-hp\" class=\"wpforms-field-label\">Message<\/label><input type=\"text\" name=\"wpforms[hp]\" id=\"wpforms-92-field-hp\" class=\"wpforms-field-medium\"><\/div><div class=\"wpforms-submit-container\" ><input type=\"hidden\" name=\"wpforms[id]\" value=\"92\"><input type=\"hidden\" name=\"page_title\" value=\"\"><input type=\"hidden\" name=\"page_url\" value=\"https:\/\/alsiinversiones.com\/index.php\/wp-json\/wp\/v2\/pages\/730\"><button type=\"submit\" name=\"wpforms[submit]\" id=\"wpforms-submit-92\" class=\"wpforms-submit\" data-alt-text=\"Enviando...\" data-submit-text=\"Enviar\" aria-live=\"assertive\" value=\"wpforms-submit\">Enviar<\/button><\/div><\/form><\/div>  <!-- .wpforms-container --><\/div>\n\t\t\t\t\t\t<\/div>\n\t\t\t\t<\/div>\n\t\t\t\t\t<\/div>\n\t\t<\/div>\n\t\t\t\t\t<\/div>\n\t\t<\/section>\n\t\t\t\t\t<\/div>\n\t\t<\/div>\n\t\t\t\t\t<\/div>\n\t\t<\/section>\n\t\t\t\t<section class=\"elementor-section elementor-top-section elementor-element elementor-element-d06a2b6 elementor-section-full_width elementor-section-stretched pylon-column-stretched-none elementor-section-height-default elementor-section-height-default\" data-id=\"d06a2b6\" data-element_type=\"section\" data-settings=\"{&quot;stretch_section&quot;:&quot;section-stretched&quot;}\">\n\t\t\t\t\t\t<div class=\"elementor-container elementor-column-gap-no\">\n\t\t\t\t\t<div class=\"elementor-column elementor-col-100 elementor-top-column elementor-element elementor-element-f7d8e74\" data-id=\"f7d8e74\" data-element_type=\"column\">\n\t\t\t<div class=\"elementor-widget-wrap elementor-element-populated\">\n\t\t\t\t\t\t<div class=\"elementor-element elementor-element-462c12c elementor-widget elementor-widget-google_maps\" data-id=\"462c12c\" data-element_type=\"widget\" data-widget_type=\"google_maps.default\">\n\t\t\t\t<div class=\"elementor-widget-container\">\n\t\t\t\t\t\t\t<div class=\"elementor-custom-embed\">\n\t\t\t<iframe loading=\"lazy\"\n\t\t\t\t\tsrc=\"https:\/\/maps.google.com\/maps?q=ALSI%20Inversiones&#038;t=m&#038;z=16&#038;output=embed&#038;iwloc=near\"\n\t\t\t\t\ttitle=\"ALSI Inversiones\"\n\t\t\t\t\taria-label=\"ALSI Inversiones\"\n\t\t\t><\/iframe>\n\t\t<\/div>\n\t\t\t\t\t\t<\/div>\n\t\t\t\t<\/div>\n\t\t\t\t\t<\/div>\n\t\t<\/div>\n\t\t\t\t\t<\/div>\n\t\t<\/section>\n\t\t\t\t<\/div>\n\t\t","protected":false},"excerpt":{"rendered":"<p>\u00bfPr\u00e9guntas? Cont\u00e1ctanos Tel\u00e9fono: +1 (809) 399-1332 Correo Electr\u00f3nico: info@alsiinversiones.com \u00a0 Direcci\u00f3n: Plaza Bella Terra, 1er Nivel M\u00f3dulo 117, Santiago, Rep. Dom.<\/p>\n","protected":false},"author":1,"featured_media":0,"parent":0,"menu_order":0,"comment_status":"closed","ping_status":"closed","template":"template-fullpage.php","meta":{"footnotes":""},"class_list":["post-730","page","type-page","status-publish","hentry"],"_links":{"self":[{"href":"https:\/\/alsiinversiones.com\/index.php\/wp-json\/wp\/v2\/pages\/730","targetHints":{"allow":["GET"]}}],"collection":[{"href":"https:\/\/alsiinversiones.com\/index.php\/wp-json\/wp\/v2\/pages"}],"about":[{"href":"https:\/\/alsiinversiones.com\/index.php\/wp-json\/wp\/v2\/types\/page"}],"author":[{"embeddable":true,"href":"https:\/\/alsiinversiones.com\/index.php\/wp-json\/wp\/v2\/users\/1"}],"replies":[{"embeddable":true,"href":"https:\/\/alsiinversiones.com\/index.php\/wp-json\/wp\/v2\/comments?post=730"}],"version-history":[{"count":9,"href":"https:\/\/alsiinversiones.com\/index.php\/wp-json\/wp\/v2\/pages\/730\/revisions"}],"predecessor-version":[{"id":8099,"href":"https:\/\/alsiinversiones.com\/index.php\/wp-json\/wp\/v2\/pages\/730\/revisions\/8099"}],"wp:attachment":[{"href":"https:\/\/alsiinversiones.com\/index.php\/wp-json\/wp\/v2\/media?parent=730"}],"curies":[{"name":"wp","href":"https:\/\/api.w.org\/{rel}","templated":true}]}}