{"id":8,"date":"2020-01-19T18:17:35","date_gmt":"2020-01-19T18:17:35","guid":{"rendered":"http:\/\/alsiinversiones.com\/?page_id=8"},"modified":"2020-01-20T01:23:23","modified_gmt":"2020-01-20T01:23:23","slug":"acerca-de","status":"publish","type":"page","link":"https:\/\/alsiinversiones.com\/index.php\/acerca-de\/","title":{"rendered":"Acerca de"},"content":{"rendered":"<p><strong>ALSI Inversiones<\/strong><\/p><p>Empresa dedicada al \u00e1mbito de inversiones, relacionando los pr\u00e9stamos y los bienes ra\u00edces para ofrecer facilidades de crecimiento a sus clientes.<\/p><hr\/><p><strong>Visi\u00f3n:<\/strong><strong><\/strong><\/p><p>Ser l\u00edderes en\u00a0servicios de productos financieros a nivel nacional, a trav\u00e9s de recursos humanos entrenados, capacitados, motivados\u00a0y comprometidos con el mejoramiento continuo de los procesos. Manteniendo excelentes relaciones comerciales con los consumidores.<\/p><hr\/><p><\/p><p><strong>Misi\u00f3n:<\/strong><strong><\/strong><\/p><p>Satisfacer las\nnecesidades de los clientes reales y potenciales, ofreciendo&nbsp;servicios,\nasesor\u00eda y&nbsp;productos de alta calidad&nbsp;que superen&nbsp;las&nbsp;expectativas,\nmediante un equipo de trabajo capacitado, apoyando el bienestar de los\ncolaboradores, la sociedad y el medio ambiente.<\/p><hr\/><p><strong>Valores:<\/strong><strong><\/strong><\/p><p>Los valores fundamentales de ALSI Inversiones son: Honestidad, Trabajo en Equipo, Proactividad, Compromiso, Lealtad.<\/p>","protected":false},"excerpt":{"rendered":"<p>ALSI Inversiones Empresa dedicada al \u00e1mbito de inversiones, relacionando los pr\u00e9stamos y los bienes ra\u00edces para ofrecer facilidades de crecimiento a sus clientes. [&hellip;]<\/p>\n","protected":false},"author":1,"featured_media":0,"parent":0,"menu_order":0,"comment_status":"closed","ping_status":"closed","template":"","meta":{"footnotes":""},"class_list":["post-8","page","type-page","status-publish","hentry"],"_links":{"self":[{"href":"https:\/\/alsiinversiones.com\/index.php\/wp-json\/wp\/v2\/pages\/8","targetHints":{"allow":["GET"]}}],"collection":[{"href":"https:\/\/alsiinversiones.com\/index.php\/wp-json\/wp\/v2\/pages"}],"about":[{"href":"https:\/\/alsiinversiones.com\/index.php\/wp-json\/wp\/v2\/types\/page"}],"author":[{"embeddable":true,"href":"https:\/\/alsiinversiones.com\/index.php\/wp-json\/wp\/v2\/users\/1"}],"replies":[{"embeddable":true,"href":"https:\/\/alsiinversiones.com\/index.php\/wp-json\/wp\/v2\/comments?post=8"}],"version-history":[{"count":5,"href":"https:\/\/alsiinversiones.com\/index.php\/wp-json\/wp\/v2\/pages\/8\/revisions"}],"predecessor-version":[{"id":68,"href":"https:\/\/alsiinversiones.com\/index.php\/wp-json\/wp\/v2\/pages\/8\/revisions\/68"}],"wp:attachment":[{"href":"https:\/\/alsiinversiones.com\/index.php\/wp-json\/wp\/v2\/media?parent=8"}],"curies":[{"name":"wp","href":"https:\/\/api.w.org\/{rel}","templated":true}]}}